{"id":1487,"date":"2025-04-09T17:20:54","date_gmt":"2025-04-09T17:20:54","guid":{"rendered":"https:\/\/codigocolectivo.com\/?page_id=1487"},"modified":"2025-07-05T03:37:59","modified_gmt":"2025-07-05T03:37:59","slug":"entradas","status":"publish","type":"page","link":"https:\/\/codigocolectivo.com\/es_cr\/entradas\/","title":{"rendered":"Home"},"content":{"rendered":"<section class=\"codigo-colectivo\">\n<div class=\"grid-codigos\">\n<p>    <!-- C\u00f3digo E-vidente --><\/p>\n<div class=\"codigo-tarjeta\">\n      <img decoding=\"async\" src=\"https:\/\/codigocolectivo.com\/wp-content\/uploads\/2025\/02\/Designer-10-1.jpeg\" alt=\"C\u00f3digo E-vidente\"><\/p>\n<h3>C\u00f3digo E-vidente<\/h3>\n<p>Descifra el s\u00edmbolo antes de que se revele el destino.<\/p>\n<p>      <a href=\"https:\/\/codigocolectivo.com\/category\/codigo-evidente\/\" class=\"btn-codigo\">Explorar<\/a>\n    <\/div>\n<p>    <!-- C\u00f3digo Colectivo --><\/p>\n<div class=\"codigo-tarjeta\">\n      <img decoding=\"async\" src=\"https:\/\/codigocolectivo.com\/wp-content\/uploads\/2025\/02\/Designer-25.jpeg\" alt=\"C\u00f3digo Colectivo\"><\/p>\n<h3>C\u00f3digo Colectivo<\/h3>\n<p>La inteligencia compartida es el fuego de la nueva era.<\/p>\n<p>      <a href=\"https:\/\/codigocolectivo.com\/category\/codigo-colectivo\/\" class=\"btn-codigo\">Explorar<\/a>\n    <\/div>\n<p>    <!-- C\u00f3digo Arquetipo --><\/p>\n<div class=\"codigo-tarjeta\">\n      <img decoding=\"async\" src=\"https:\/\/codigocolectivo.com\/wp-content\/uploads\/2025\/02\/cientifia-1.webp\" alt=\"C\u00f3digo Arquetipo\"><\/p>\n<h3>C\u00f3digo Arquetipo<\/h3>\n<p>Donde mito, ciencia y tecnolog\u00eda se entrelazan.<\/p>\n<p>      <a href=\"https:\/\/codigocolectivo.com\/category\/codigo-arquetipo\/\" class=\"btn-codigo\">Explorar<\/a>\n    <\/div>\n<p>    <!-- C\u00f3digo Humano --><\/p>\n<div class=\"codigo-tarjeta\">\n      <img decoding=\"async\" src=\"https:\/\/codigocolectivo.com\/wp-content\/uploads\/2025\/02\/Designer-11.jpeg\" alt=\"C\u00f3digo Humano\"><\/p>\n<h3>C\u00f3digo Humano<\/h3>\n<p>La conciencia en su forma m\u00e1s pura y vulnerable.<\/p>\n<p>      <a href=\"https:\/\/codigocolectivo.com\/category\/codigo-humano-2\/\" class=\"btn-codigo\">Explorar<\/a>\n    <\/div>\n<p>    <!-- C\u00f3digo del Arte --><\/p>\n<div class=\"codigo-tarjeta\">\n      <img decoding=\"async\" src=\"https:\/\/codigocolectivo.com\/wp-content\/uploads\/2025\/03\/DALL\u00b7E-2025-03-17-16.24.41-A-surreal-and-symbolic-illustration-representing-the-Code-of-Art-an-esoteric-fusion-of-creativity-mysticism-and-philosophy.-The-image-features-an.webp\" alt=\"C\u00f3digo del Arte\"><\/p>\n<h3>C\u00f3digo del Arte<\/h3>\n<p>El caos sagrado hecho imagen, danza y sonido.<\/p>\n<p>      <a href=\"https:\/\/codigocolectivo.com\/category\/codigo-arte\/\" class=\"btn-codigo\">Explorar<\/a>\n    <\/div>\n<p>    <!-- C\u00f3digo Esot\u00e9rico --><\/p>\n<div class=\"codigo-tarjeta\">\n      <img decoding=\"async\" src=\"https:\/\/codigocolectivo.com\/wp-content\/uploads\/2025\/03\/DALL\u00b7E-2025-03-17-16.25.58-A-mystical-and-symbolic-illustration-representing-the-Esoteric-Code-a-fusion-of-hidden-knowledge-sacred-geometry-and-ancient-wisdom.-At-the-cente-1.webp\" alt=\"C\u00f3digo Esot\u00e9rico\"><\/p>\n<h3>C\u00f3digo Esot\u00e9rico<\/h3>\n<p>Revelaciones que solo aparecen en la penumbra.<\/p>\n<p>      <a href=\"https:\/\/codigocolectivo.com\/category\/codigo-esoterico\/\" class=\"btn-codigo\">Explorar<\/a>\n    <\/div>\n<p>   <!-- C\u00f3digo Abierto --><\/p>\n<div class=\"codigo-tarjeta codigo-abierto\">\n  <img decoding=\"async\" src=\"https:\/\/codigocolectivo.com\/wp-content\/uploads\/2025\/07\/ChatGPT-Image-4-jul-2025-20_36_42.png\" alt=\"C\u00f3digo Abierto\"><\/p>\n<h3>C\u00f3digo Abierto<\/h3>\n<p>El conocimiento y la creaci\u00f3n sin fronteras, para todos los buscadores.<\/p>\n<p>  <a href=\"https:\/\/codigocolectivo.com\/category\/codigo-abierto\/\" class=\"btn-codigo\">Explorar<\/a>\n<\/div>\n<\/p><\/div>\n<\/section \n\n","protected":false},"excerpt":{"rendered":"<p>C\u00f3digo E-vidente Descifra el s\u00edmbolo antes de que se revele el destino. Explorar C\u00f3digo Colectivo La inteligencia compartida es el fuego de la nueva era. Explorar C\u00f3digo Arquetipo Donde mito, ciencia y tecnolog\u00eda se entrelazan. Explorar C\u00f3digo Humano La conciencia en su forma m\u00e1s pura y vulnerable. Explorar C\u00f3digo del Arte El caos sagrado hecho&#8230;<\/p>\n","protected":false},"author":1,"featured_media":0,"parent":0,"menu_order":0,"comment_status":"closed","ping_status":"closed","template":"","meta":{"_kad_post_transparent":"default","_kad_post_title":"default","_kad_post_layout":"default","_kad_post_sidebar_id":"","_kad_post_content_style":"default","_kad_post_vertical_padding":"default","_kad_post_feature":"","_kad_post_feature_position":"","_kad_post_header":false,"_kad_post_footer":false,"_kad_post_classname":"","footnotes":""},"class_list":["post-1487","page","type-page","status-publish","hentry"],"yoast_head":"<!-- This site is optimized with the Yoast SEO plugin v27.4 - https:\/\/yoast.com\/product\/yoast-seo-wordpress\/ -->\n<title>Home - CODIGO COLECTIVO<\/title>\n<meta name=\"robots\" content=\"index, follow, max-snippet:-1, max-image-preview:large, max-video-preview:-1\" \/>\n<link rel=\"canonical\" href=\"https:\/\/codigocolectivo.com\/es_cr\/entradas\/\" \/>\n<meta property=\"og:locale\" content=\"es_ES\" \/>\n<meta property=\"og:type\" content=\"article\" \/>\n<meta property=\"og:title\" content=\"Home - CODIGO COLECTIVO\" \/>\n<meta property=\"og:description\" content=\"C\u00f3digo E-vidente Descifra el s\u00edmbolo antes de que se revele el destino. Explorar C\u00f3digo Colectivo La inteligencia compartida es el fuego de la nueva era. Explorar C\u00f3digo Arquetipo Donde mito, ciencia y tecnolog\u00eda se entrelazan. Explorar C\u00f3digo Humano La conciencia en su forma m\u00e1s pura y vulnerable. Explorar C\u00f3digo del Arte El caos sagrado hecho...\" \/>\n<meta property=\"og:url\" content=\"https:\/\/codigocolectivo.com\/es_cr\/entradas\/\" \/>\n<meta property=\"og:site_name\" content=\"CODIGO COLECTIVO\" \/>\n<meta property=\"article:modified_time\" content=\"2025-07-05T03:37:59+00:00\" \/>\n<meta property=\"og:image\" content=\"https:\/\/codigocolectivo.com\/wp-content\/uploads\/2025\/02\/Designer-10-1.jpeg\" \/>\n<meta name=\"twitter:card\" content=\"summary_large_image\" \/>\n<meta name=\"twitter:label1\" content=\"Est. reading time\" \/>\n\t<meta name=\"twitter:data1\" content=\"2 minutos\" \/>\n<script type=\"application\/ld+json\" class=\"yoast-schema-graph\">{\"@context\":\"https:\\\/\\\/schema.org\",\"@graph\":[{\"@type\":\"WebPage\",\"@id\":\"https:\\\/\\\/codigocolectivo.com\\\/es_cr\\\/entradas\\\/\",\"url\":\"https:\\\/\\\/codigocolectivo.com\\\/es_cr\\\/entradas\\\/\",\"name\":\"Home - CODIGO COLECTIVO\",\"isPartOf\":{\"@id\":\"https:\\\/\\\/codigocolectivo.com\\\/#website\"},\"primaryImageOfPage\":{\"@id\":\"https:\\\/\\\/codigocolectivo.com\\\/es_cr\\\/entradas\\\/#primaryimage\"},\"image\":{\"@id\":\"https:\\\/\\\/codigocolectivo.com\\\/es_cr\\\/entradas\\\/#primaryimage\"},\"thumbnailUrl\":\"https:\\\/\\\/codigocolectivo.com\\\/wp-content\\\/uploads\\\/2025\\\/02\\\/Designer-10-1.jpeg\",\"datePublished\":\"2025-04-09T17:20:54+00:00\",\"dateModified\":\"2025-07-05T03:37:59+00:00\",\"breadcrumb\":{\"@id\":\"https:\\\/\\\/codigocolectivo.com\\\/es_cr\\\/entradas\\\/#breadcrumb\"},\"inLanguage\":\"es-CR\",\"potentialAction\":[{\"@type\":\"ReadAction\",\"target\":[\"https:\\\/\\\/codigocolectivo.com\\\/es_cr\\\/entradas\\\/\"]}]},{\"@type\":\"ImageObject\",\"inLanguage\":\"es-CR\",\"@id\":\"https:\\\/\\\/codigocolectivo.com\\\/es_cr\\\/entradas\\\/#primaryimage\",\"url\":\"https:\\\/\\\/codigocolectivo.com\\\/wp-content\\\/uploads\\\/2025\\\/02\\\/Designer-10-1.jpeg\",\"contentUrl\":\"https:\\\/\\\/codigocolectivo.com\\\/wp-content\\\/uploads\\\/2025\\\/02\\\/Designer-10-1.jpeg\"},{\"@type\":\"BreadcrumbList\",\"@id\":\"https:\\\/\\\/codigocolectivo.com\\\/es_cr\\\/entradas\\\/#breadcrumb\",\"itemListElement\":[{\"@type\":\"ListItem\",\"position\":1,\"name\":\"Portada\",\"item\":\"https:\\\/\\\/codigocolectivo.com\\\/\"},{\"@type\":\"ListItem\",\"position\":2,\"name\":\"Home\"}]},{\"@type\":\"WebSite\",\"@id\":\"https:\\\/\\\/codigocolectivo.com\\\/#website\",\"url\":\"https:\\\/\\\/codigocolectivo.com\\\/\",\"name\":\"CODIGO COLECTIVO\",\"description\":\"Raul Fern\u00e1ndez.\",\"publisher\":{\"@id\":\"https:\\\/\\\/codigocolectivo.com\\\/#organization\"},\"potentialAction\":[{\"@type\":\"SearchAction\",\"target\":{\"@type\":\"EntryPoint\",\"urlTemplate\":\"https:\\\/\\\/codigocolectivo.com\\\/?s={search_term_string}\"},\"query-input\":{\"@type\":\"PropertyValueSpecification\",\"valueRequired\":true,\"valueName\":\"search_term_string\"}}],\"inLanguage\":\"es-CR\"},{\"@type\":\"Organization\",\"@id\":\"https:\\\/\\\/codigocolectivo.com\\\/#organization\",\"name\":\"CODIGO COLECTIVO\",\"url\":\"https:\\\/\\\/codigocolectivo.com\\\/\",\"logo\":{\"@type\":\"ImageObject\",\"inLanguage\":\"es-CR\",\"@id\":\"https:\\\/\\\/codigocolectivo.com\\\/#\\\/schema\\\/logo\\\/image\\\/\",\"url\":\"https:\\\/\\\/codigocolectivo.com\\\/wp-content\\\/uploads\\\/2025\\\/02\\\/cropped-28276315_1746841375338584_2318096808363184281_n-4.jpg\",\"contentUrl\":\"https:\\\/\\\/codigocolectivo.com\\\/wp-content\\\/uploads\\\/2025\\\/02\\\/cropped-28276315_1746841375338584_2318096808363184281_n-4.jpg\",\"width\":220,\"height\":220,\"caption\":\"CODIGO COLECTIVO\"},\"image\":{\"@id\":\"https:\\\/\\\/codigocolectivo.com\\\/#\\\/schema\\\/logo\\\/image\\\/\"}}]}<\/script>\n<!-- \/ Yoast SEO plugin. -->","yoast_head_json":{"title":"Home - CODIGO COLECTIVO","robots":{"index":"index","follow":"follow","max-snippet":"max-snippet:-1","max-image-preview":"max-image-preview:large","max-video-preview":"max-video-preview:-1"},"canonical":"https:\/\/codigocolectivo.com\/es_cr\/entradas\/","og_locale":"es_ES","og_type":"article","og_title":"Home - CODIGO COLECTIVO","og_description":"C\u00f3digo E-vidente Descifra el s\u00edmbolo antes de que se revele el destino. Explorar C\u00f3digo Colectivo La inteligencia compartida es el fuego de la nueva era. Explorar C\u00f3digo Arquetipo Donde mito, ciencia y tecnolog\u00eda se entrelazan. Explorar C\u00f3digo Humano La conciencia en su forma m\u00e1s pura y vulnerable. Explorar C\u00f3digo del Arte El caos sagrado hecho...","og_url":"https:\/\/codigocolectivo.com\/es_cr\/entradas\/","og_site_name":"CODIGO COLECTIVO","article_modified_time":"2025-07-05T03:37:59+00:00","og_image":[{"url":"https:\/\/codigocolectivo.com\/wp-content\/uploads\/2025\/02\/Designer-10-1.jpeg","type":"","width":"","height":""}],"twitter_card":"summary_large_image","twitter_misc":{"Est. reading time":"2 minutos"},"schema":{"@context":"https:\/\/schema.org","@graph":[{"@type":"WebPage","@id":"https:\/\/codigocolectivo.com\/es_cr\/entradas\/","url":"https:\/\/codigocolectivo.com\/es_cr\/entradas\/","name":"Home - CODIGO COLECTIVO","isPartOf":{"@id":"https:\/\/codigocolectivo.com\/#website"},"primaryImageOfPage":{"@id":"https:\/\/codigocolectivo.com\/es_cr\/entradas\/#primaryimage"},"image":{"@id":"https:\/\/codigocolectivo.com\/es_cr\/entradas\/#primaryimage"},"thumbnailUrl":"https:\/\/codigocolectivo.com\/wp-content\/uploads\/2025\/02\/Designer-10-1.jpeg","datePublished":"2025-04-09T17:20:54+00:00","dateModified":"2025-07-05T03:37:59+00:00","breadcrumb":{"@id":"https:\/\/codigocolectivo.com\/es_cr\/entradas\/#breadcrumb"},"inLanguage":"es-CR","potentialAction":[{"@type":"ReadAction","target":["https:\/\/codigocolectivo.com\/es_cr\/entradas\/"]}]},{"@type":"ImageObject","inLanguage":"es-CR","@id":"https:\/\/codigocolectivo.com\/es_cr\/entradas\/#primaryimage","url":"https:\/\/codigocolectivo.com\/wp-content\/uploads\/2025\/02\/Designer-10-1.jpeg","contentUrl":"https:\/\/codigocolectivo.com\/wp-content\/uploads\/2025\/02\/Designer-10-1.jpeg"},{"@type":"BreadcrumbList","@id":"https:\/\/codigocolectivo.com\/es_cr\/entradas\/#breadcrumb","itemListElement":[{"@type":"ListItem","position":1,"name":"Portada","item":"https:\/\/codigocolectivo.com\/"},{"@type":"ListItem","position":2,"name":"Home"}]},{"@type":"WebSite","@id":"https:\/\/codigocolectivo.com\/#website","url":"https:\/\/codigocolectivo.com\/","name":"CODIGO COLECTIVO","description":"Raul Fern\u00e1ndez.","publisher":{"@id":"https:\/\/codigocolectivo.com\/#organization"},"potentialAction":[{"@type":"SearchAction","target":{"@type":"EntryPoint","urlTemplate":"https:\/\/codigocolectivo.com\/?s={search_term_string}"},"query-input":{"@type":"PropertyValueSpecification","valueRequired":true,"valueName":"search_term_string"}}],"inLanguage":"es-CR"},{"@type":"Organization","@id":"https:\/\/codigocolectivo.com\/#organization","name":"CODIGO COLECTIVO","url":"https:\/\/codigocolectivo.com\/","logo":{"@type":"ImageObject","inLanguage":"es-CR","@id":"https:\/\/codigocolectivo.com\/#\/schema\/logo\/image\/","url":"https:\/\/codigocolectivo.com\/wp-content\/uploads\/2025\/02\/cropped-28276315_1746841375338584_2318096808363184281_n-4.jpg","contentUrl":"https:\/\/codigocolectivo.com\/wp-content\/uploads\/2025\/02\/cropped-28276315_1746841375338584_2318096808363184281_n-4.jpg","width":220,"height":220,"caption":"CODIGO COLECTIVO"},"image":{"@id":"https:\/\/codigocolectivo.com\/#\/schema\/logo\/image\/"}}]}},"_links":{"self":[{"href":"https:\/\/codigocolectivo.com\/es_cr\/wp-json\/wp\/v2\/pages\/1487","targetHints":{"allow":["GET"]}}],"collection":[{"href":"https:\/\/codigocolectivo.com\/es_cr\/wp-json\/wp\/v2\/pages"}],"about":[{"href":"https:\/\/codigocolectivo.com\/es_cr\/wp-json\/wp\/v2\/types\/page"}],"author":[{"embeddable":true,"href":"https:\/\/codigocolectivo.com\/es_cr\/wp-json\/wp\/v2\/users\/1"}],"replies":[{"embeddable":true,"href":"https:\/\/codigocolectivo.com\/es_cr\/wp-json\/wp\/v2\/comments?post=1487"}],"version-history":[{"count":4,"href":"https:\/\/codigocolectivo.com\/es_cr\/wp-json\/wp\/v2\/pages\/1487\/revisions"}],"predecessor-version":[{"id":2051,"href":"https:\/\/codigocolectivo.com\/es_cr\/wp-json\/wp\/v2\/pages\/1487\/revisions\/2051"}],"wp:attachment":[{"href":"https:\/\/codigocolectivo.com\/es_cr\/wp-json\/wp\/v2\/media?parent=1487"}],"curies":[{"name":"wp","href":"https:\/\/api.w.org\/{rel}","templated":true}]}}