{"id":1501,"date":"2025-04-09T19:24:15","date_gmt":"2025-04-09T19:24:15","guid":{"rendered":"https:\/\/codigocolectivo.com\/?page_id=1501"},"modified":"2025-08-12T02:04:40","modified_gmt":"2025-08-12T02:04:40","slug":"blog-2","status":"publish","type":"page","link":"https:\/\/codigocolectivo.com\/en\/tickets\/blog-2\/","title":{"rendered":"BLOG"},"content":{"rendered":"<div class=\"grid-codigos\">\n  <!-- C\u00f3digo Arquetipo --><\/p>\n<div class=\"codigo-tarjeta-flip\" data-img=\"https:\/\/codigocolectivo.com\/wp-content\/uploads\/2025\/02\/cientifia-1.webp\" data-link=\"https:\/\/codigocolectivo.com\/category\/codigo-arquetipo\/\">\n<h3>Archetype Code<\/h3>\n<p>We decipher ancestral patterns that shape the human, fusing myth, science and technology.<\/p>\n<\/p><\/div>\n<p>  <!-- C\u00f3digo del Arte --><\/p>\n<div class=\"codigo-tarjeta-flip\" data-img=\"https:\/\/codigocolectivo.com\/wp-content\/uploads\/2025\/03\/DALL\u00b7E-2025-03-17-16.24.41-A-surreal-and-symbolic-illustration-representing-the-Code-of-Art-an-esoteric-fusion-of-creativity-mysticism-and-philosophy.-The-image-features-an.webp\" data-link=\"https:\/\/codigocolectivo.com\/category\/codigo-arte\/\">\n<h3>Art Code<\/h3>\n<p>Art as a sacred, symbolic and eternal language. Image, form and vibration unified.<\/p>\n<\/p><\/div>\n<p>  <!-- C\u00f3digo Humano --><\/p>\n<div class=\"codigo-tarjeta-flip\" data-img=\"https:\/\/codigocolectivo.com\/wp-content\/uploads\/2025\/02\/Designer-11.jpeg\" data-link=\"https:\/\/codigocolectivo.com\/category\/codigo-humano-2\/\">\n<h3>Human Code<\/h3>\n<p>The biological, the emotional and the spiritual converge in the mystery of the collective consciousness.<\/p>\n<\/p><\/div>\n<p>  <!-- C\u00f3digo E-vidente --><\/p>\n<div class=\"codigo-tarjeta-flip\" data-img=\"https:\/\/codigocolectivo.com\/wp-content\/uploads\/2025\/02\/Designer-10-1.jpeg\" data-link=\"https:\/\/codigocolectivo.com\/category\/codigo-evidente\/\">\n<h3>E-vident Code<\/h3>\n<p>The invisible becomes visible. We anticipate what already exists before it manifests itself.<\/p>\n<\/p><\/div>\n<p>  <!-- C\u00f3digo Colectivo --><\/p>\n<div class=\"codigo-tarjeta-flip\" data-img=\"https:\/\/codigocolectivo.com\/wp-content\/uploads\/2025\/02\/Designer-25.jpeg\" data-link=\"https:\/\/codigocolectivo.com\/category\/codigo-colectivo\/\">\n<h3>Collective Code<\/h3>\n<p>Ideas, innovation and consciousness woven into the invisible fabric of the commonplace.<\/p>\n<\/p><\/div>\n<p>  <!-- C\u00f3digo Esot\u00e9rico --><\/p>\n<div class=\"codigo-tarjeta-flip\" data-img=\"https:\/\/codigocolectivo.com\/wp-content\/uploads\/2025\/03\/DALL\u00b7E-2025-03-17-16.25.58-A-mystical-and-symbolic-illustration-representing-the-Esoteric-Code-a-fusion-of-hidden-knowledge-sacred-geometry-and-ancient-wisdom.-At-the-cente-1.webp\" data-link=\"https:\/\/codigocolectivo.com\/category\/codigo-esoterico\/\">\n<h3>Esoteric Code<\/h3>\n<p>Symbols, energies and mysteries that weave reality: dance between science and consciousness.<\/p>\n<\/p><\/div>\n<p>  <!-- C\u00f3digo Abierto --><\/p>\n<div class=\"codigo-tarjeta-flip\" data-img=\"https:\/\/codigocolectivo.com\/wp-content\/uploads\/2025\/07\/ChatGPT-Image-4-jul-2025-20_36_42.png\" data-link=\"https:\/\/codigocolectivo.com\/category\/codigo-abierto\/\">\n<h3>Open Source<\/h3>\n<p>Knowledge and creation without borders, for all seekers.<\/p>\n<\/p><\/div>\n<\/div>","protected":false},"excerpt":{"rendered":"<p>Archetype Code We decipher ancestral patterns that shape the human, fusing myth, science and technology. Art Code Art as a sacred, symbolic and eternal language. Image, form and vibration unified. Human Code The biological, the emotional and the spiritual converge in the mystery of collective consciousness. E-seeing Code The invisible becomes visible. We anticipate...<\/p>","protected":false},"author":1,"featured_media":0,"parent":1487,"menu_order":0,"comment_status":"closed","ping_status":"closed","template":"","meta":{"_kad_post_transparent":"default","_kad_post_title":"default","_kad_post_layout":"default","_kad_post_sidebar_id":"","_kad_post_content_style":"default","_kad_post_vertical_padding":"default","_kad_post_feature":"","_kad_post_feature_position":"","_kad_post_header":false,"_kad_post_footer":false,"_kad_post_classname":"","footnotes":""},"class_list":["post-1501","page","type-page","status-publish","hentry"],"yoast_head":"<!-- This site is optimized with the Yoast SEO plugin v27.4 - https:\/\/yoast.com\/product\/yoast-seo-wordpress\/ -->\n<title>BLOG - CODIGO COLECTIVO<\/title>\n<meta name=\"robots\" content=\"index, follow, max-snippet:-1, max-image-preview:large, max-video-preview:-1\" \/>\n<link rel=\"canonical\" href=\"https:\/\/codigocolectivo.com\/en\/tickets\/blog-2\/\" \/>\n<meta property=\"og:locale\" content=\"en_US\" \/>\n<meta property=\"og:type\" content=\"article\" \/>\n<meta property=\"og:title\" content=\"BLOG - CODIGO COLECTIVO\" \/>\n<meta property=\"og:description\" content=\"C\u00f3digo Arquetipo Desciframos patrones ancestrales que moldean lo humano, fusionando mito, ciencia y tecnolog\u00eda. C\u00f3digo del Arte El arte como lenguaje sagrado, simb\u00f3lico y eterno. Imagen, forma y vibraci\u00f3n unificadas. C\u00f3digo Humano Lo biol\u00f3gico, lo emocional y lo espiritual convergen en el misterio de la conciencia colectiva. C\u00f3digo E-vidente Lo invisible se hace visible. Anticipamos...\" \/>\n<meta property=\"og:url\" content=\"https:\/\/codigocolectivo.com\/en\/tickets\/blog-2\/\" \/>\n<meta property=\"og:site_name\" content=\"CODIGO COLECTIVO\" \/>\n<meta property=\"article:modified_time\" content=\"2025-08-12T02:04:40+00:00\" \/>\n<meta name=\"twitter:card\" content=\"summary_large_image\" \/>\n<meta name=\"twitter:label1\" content=\"Est. reading time\" \/>\n\t<meta name=\"twitter:data1\" content=\"1 minute\" \/>\n<script type=\"application\/ld+json\" class=\"yoast-schema-graph\">{\"@context\":\"https:\\\/\\\/schema.org\",\"@graph\":[{\"@type\":\"WebPage\",\"@id\":\"https:\\\/\\\/codigocolectivo.com\\\/entradas\\\/blog-2\\\/\",\"url\":\"https:\\\/\\\/codigocolectivo.com\\\/entradas\\\/blog-2\\\/\",\"name\":\"BLOG - CODIGO COLECTIVO\",\"isPartOf\":{\"@id\":\"https:\\\/\\\/codigocolectivo.com\\\/#website\"},\"datePublished\":\"2025-04-09T19:24:15+00:00\",\"dateModified\":\"2025-08-12T02:04:40+00:00\",\"breadcrumb\":{\"@id\":\"https:\\\/\\\/codigocolectivo.com\\\/entradas\\\/blog-2\\\/#breadcrumb\"},\"inLanguage\":\"en-US\",\"potentialAction\":[{\"@type\":\"ReadAction\",\"target\":[\"https:\\\/\\\/codigocolectivo.com\\\/entradas\\\/blog-2\\\/\"]}]},{\"@type\":\"BreadcrumbList\",\"@id\":\"https:\\\/\\\/codigocolectivo.com\\\/entradas\\\/blog-2\\\/#breadcrumb\",\"itemListElement\":[{\"@type\":\"ListItem\",\"position\":1,\"name\":\"Portada\",\"item\":\"https:\\\/\\\/codigocolectivo.com\\\/\"},{\"@type\":\"ListItem\",\"position\":2,\"name\":\"Home\",\"item\":\"https:\\\/\\\/codigocolectivo.com\\\/es_cr\\\/entradas\\\/\"},{\"@type\":\"ListItem\",\"position\":3,\"name\":\"BLOG\"}]},{\"@type\":\"WebSite\",\"@id\":\"https:\\\/\\\/codigocolectivo.com\\\/#website\",\"url\":\"https:\\\/\\\/codigocolectivo.com\\\/\",\"name\":\"CODIGO COLECTIVO\",\"description\":\"Raul Fern\u00e1ndez.\",\"publisher\":{\"@id\":\"https:\\\/\\\/codigocolectivo.com\\\/#organization\"},\"potentialAction\":[{\"@type\":\"SearchAction\",\"target\":{\"@type\":\"EntryPoint\",\"urlTemplate\":\"https:\\\/\\\/codigocolectivo.com\\\/?s={search_term_string}\"},\"query-input\":{\"@type\":\"PropertyValueSpecification\",\"valueRequired\":true,\"valueName\":\"search_term_string\"}}],\"inLanguage\":\"en-US\"},{\"@type\":\"Organization\",\"@id\":\"https:\\\/\\\/codigocolectivo.com\\\/#organization\",\"name\":\"CODIGO COLECTIVO\",\"url\":\"https:\\\/\\\/codigocolectivo.com\\\/\",\"logo\":{\"@type\":\"ImageObject\",\"inLanguage\":\"en-US\",\"@id\":\"https:\\\/\\\/codigocolectivo.com\\\/#\\\/schema\\\/logo\\\/image\\\/\",\"url\":\"https:\\\/\\\/codigocolectivo.com\\\/wp-content\\\/uploads\\\/2025\\\/02\\\/cropped-28276315_1746841375338584_2318096808363184281_n-4.jpg\",\"contentUrl\":\"https:\\\/\\\/codigocolectivo.com\\\/wp-content\\\/uploads\\\/2025\\\/02\\\/cropped-28276315_1746841375338584_2318096808363184281_n-4.jpg\",\"width\":220,\"height\":220,\"caption\":\"CODIGO COLECTIVO\"},\"image\":{\"@id\":\"https:\\\/\\\/codigocolectivo.com\\\/#\\\/schema\\\/logo\\\/image\\\/\"}}]}<\/script>\n<!-- \/ Yoast SEO plugin. -->","yoast_head_json":{"title":"BLOG - COLLECTIVE CODE","robots":{"index":"index","follow":"follow","max-snippet":"max-snippet:-1","max-image-preview":"max-image-preview:large","max-video-preview":"max-video-preview:-1"},"canonical":"https:\/\/codigocolectivo.com\/en\/tickets\/blog-2\/","og_locale":"en_US","og_type":"article","og_title":"BLOG - CODIGO COLECTIVO","og_description":"C\u00f3digo Arquetipo Desciframos patrones ancestrales que moldean lo humano, fusionando mito, ciencia y tecnolog\u00eda. C\u00f3digo del Arte El arte como lenguaje sagrado, simb\u00f3lico y eterno. Imagen, forma y vibraci\u00f3n unificadas. C\u00f3digo Humano Lo biol\u00f3gico, lo emocional y lo espiritual convergen en el misterio de la conciencia colectiva. C\u00f3digo E-vidente Lo invisible se hace visible. Anticipamos...","og_url":"https:\/\/codigocolectivo.com\/en\/tickets\/blog-2\/","og_site_name":"CODIGO COLECTIVO","article_modified_time":"2025-08-12T02:04:40+00:00","twitter_card":"summary_large_image","twitter_misc":{"Est. reading time":"1 minute"},"schema":{"@context":"https:\/\/schema.org","@graph":[{"@type":"WebPage","@id":"https:\/\/codigocolectivo.com\/entradas\/blog-2\/","url":"https:\/\/codigocolectivo.com\/entradas\/blog-2\/","name":"BLOG - COLLECTIVE CODE","isPartOf":{"@id":"https:\/\/codigocolectivo.com\/#website"},"datePublished":"2025-04-09T19:24:15+00:00","dateModified":"2025-08-12T02:04:40+00:00","breadcrumb":{"@id":"https:\/\/codigocolectivo.com\/entradas\/blog-2\/#breadcrumb"},"inLanguage":"en-US","potentialAction":[{"@type":"ReadAction","target":["https:\/\/codigocolectivo.com\/entradas\/blog-2\/"]}]},{"@type":"BreadcrumbList","@id":"https:\/\/codigocolectivo.com\/entradas\/blog-2\/#breadcrumb","itemListElement":[{"@type":"ListItem","position":1,"name":"Portada","item":"https:\/\/codigocolectivo.com\/"},{"@type":"ListItem","position":2,"name":"Home","item":"https:\/\/codigocolectivo.com\/es_cr\/entradas\/"},{"@type":"ListItem","position":3,"name":"BLOG"}]},{"@type":"WebSite","@id":"https:\/\/codigocolectivo.com\/#website","url":"https:\/\/codigocolectivo.com\/","name":"COLLECTIVE CODE","description":"Raul Fernandez.","publisher":{"@id":"https:\/\/codigocolectivo.com\/#organization"},"potentialAction":[{"@type":"SearchAction","target":{"@type":"EntryPoint","urlTemplate":"https:\/\/codigocolectivo.com\/?s={search_term_string}"},"query-input":{"@type":"PropertyValueSpecification","valueRequired":true,"valueName":"search_term_string"}}],"inLanguage":"en-US"},{"@type":"Organization","@id":"https:\/\/codigocolectivo.com\/#organization","name":"COLLECTIVE CODE","url":"https:\/\/codigocolectivo.com\/","logo":{"@type":"ImageObject","inLanguage":"en-US","@id":"https:\/\/codigocolectivo.com\/#\/schema\/logo\/image\/","url":"https:\/\/codigocolectivo.com\/wp-content\/uploads\/2025\/02\/cropped-28276315_1746841375338584_2318096808363184281_n-4.jpg","contentUrl":"https:\/\/codigocolectivo.com\/wp-content\/uploads\/2025\/02\/cropped-28276315_1746841375338584_2318096808363184281_n-4.jpg","width":220,"height":220,"caption":"CODIGO COLECTIVO"},"image":{"@id":"https:\/\/codigocolectivo.com\/#\/schema\/logo\/image\/"}}]}},"_links":{"self":[{"href":"https:\/\/codigocolectivo.com\/en\/wp-json\/wp\/v2\/pages\/1501","targetHints":{"allow":["GET"]}}],"collection":[{"href":"https:\/\/codigocolectivo.com\/en\/wp-json\/wp\/v2\/pages"}],"about":[{"href":"https:\/\/codigocolectivo.com\/en\/wp-json\/wp\/v2\/types\/page"}],"author":[{"embeddable":true,"href":"https:\/\/codigocolectivo.com\/en\/wp-json\/wp\/v2\/users\/1"}],"replies":[{"embeddable":true,"href":"https:\/\/codigocolectivo.com\/en\/wp-json\/wp\/v2\/comments?post=1501"}],"version-history":[{"count":5,"href":"https:\/\/codigocolectivo.com\/en\/wp-json\/wp\/v2\/pages\/1501\/revisions"}],"predecessor-version":[{"id":2066,"href":"https:\/\/codigocolectivo.com\/en\/wp-json\/wp\/v2\/pages\/1501\/revisions\/2066"}],"up":[{"embeddable":true,"href":"https:\/\/codigocolectivo.com\/en\/wp-json\/wp\/v2\/pages\/1487"}],"wp:attachment":[{"href":"https:\/\/codigocolectivo.com\/en\/wp-json\/wp\/v2\/media?parent=1501"}],"curies":[{"name":"wp","href":"https:\/\/api.w.org\/{rel}","templated":true}]}}