{"id":1383,"date":"2025-03-18T05:05:19","date_gmt":"2025-03-18T05:05:19","guid":{"rendered":"https:\/\/codigocolectivo.com\/?page_id=1383"},"modified":"2026-02-05T20:33:44","modified_gmt":"2026-02-05T20:33:44","slug":"biography","status":"publish","type":"page","link":"https:\/\/codigocolectivo.com\/en\/biography\/","title":{"rendered":"Biography"},"content":{"rendered":"<section style=\"display: flex; justify-content: center; align-items: center; gap: 3rem; padding: 5rem 2rem; background: linear-gradient(135deg, #0e0f1a, #1c1235); color: #fff; flex-wrap: wrap;\" data-aos=\"fade-in\"><!-- Imagen del autor --><\/p>\n<div style=\"flex: 1; min-width: 280px; max-width: 300px; text-align: center;\" data-aos=\"zoom-in\" data-aos-delay=\"100\"><img decoding=\"async\" style=\"width: 100%; border-radius: 12px; transition: 0.3s ease; box-shadow: 0 0 20px rgba(163,127,255,0.5);\" src=\"https:\/\/codigocolectivo.com\/wp-content\/uploads\/2025\/02\/cropped-28276315_1746841375338584_2318096808363184281_n-4.jpg\" alt=\"Site author\" \/><\/p>\n<p style=\"margin-top: 0.8rem; font-style: italic; color: #bbb;\">Site author<\/p>\n<\/div>\n<p><!-- Texto de la biograf\u00eda --><\/p>\n<div style=\"flex: 2; min-width: 280px; max-width: 700px;\" data-aos=\"fade-left\" data-aos-delay=\"300\">\n<h2 style=\"color: #a37fff; font-size: 2.4rem; margin-bottom: 1rem;\">About the Founder<\/h2>\n<p data-aos=\"fade-up\" data-aos-delay=\"500\">Explorador multidisciplinario, fusiono el an\u00e1lisis del patrimonio cultural y natural con un profundo inter\u00e9s por la ciencia, lo oculto y la ficci\u00f3n especulativa. Mi traves\u00eda comenz\u00f3 en buscar sobre lo oculto, el misterio y lo desconocido desde la infancia. Realic\u00e9 estudios internacionales en turismo en BBI-Luxemburgo, y se fortaleci\u00f3 con una vocaci\u00f3n en la &#8220;Docencia T\u00e9cnica y la Formaci\u00f3n Profesional.<\/p>\n<p data-aos=\"fade-up\" data-aos-delay=\"700\">Heredero de una l\u00ednea literaria marcada por la narrativa polic\u00edaca, la historia y el periodismo investigativo, forjada por mi padre. Mi estilo propio se enra\u00edza en la visi\u00f3n c\u00f3smica del ciclo de Acuario: <em>\"Know, Dare, Want and Be Silent.\"<\/em>. My degree as a \"Gelong\" reinforces an ever-expanding personal mythology.<\/p>\n<p data-aos=\"fade-up\" data-aos-delay=\"900\">He recorrido Europa y Am\u00e9rica Latina, lo que ha nutrido mi producci\u00f3n literaria cosmopolita. He sido le\u00eddo y respaldado por m\u00e1s de 41,000 &#8220;<strong style=\"font-size: revert; background-color: initial;\" data-start=\"331\" data-end=\"357\">usuarios \u00fanicos<\/strong><span style=\"font-size: revert; background-color: initial;\">\u201d<\/span><span style=\"font-size: revert; background-color: initial;\"> en mi anterior proyecto <\/span><a style=\"color: #8cbaff; text-decoration: underline;\" href=\"https:\/\/sonfloresdelmal.blogspot.com\/?m=1\" target=\"_blank\" rel=\"noopener\">Vanguard of Syllogisms<\/a><span style=\"font-size: revert; background-color: initial;\">, inicie a escribir mis primeras contemplaciones enigm\u00e1ticas, y los profundos viajes donde he vivido en otras dimensiones del tiempo. Nunca fueron publicadas del todo, la mayor parte se encuentra en f\u00edsico en el archivo del Palacio de la Cultura de Nicaragua bajo licencia y derecho de autor de acuerdo al <b><span style=\"font-family: Arial;\">Art\u00edculo 25.<\/span><\/b><\/span><\/p>\n<p>A partir del a\u00f1o 2025 inici\u00e9 en &#8220;<strong>C\u00f3digo Colectivo&#8221;<\/strong> sitio donde he compartido las piezas de colecci\u00f3n de mis antiguos escritos,\u00a0 que fueron escritos en el a\u00f1o 2000 al 2005, (45 mil paginas totales), un trabajo sencillo, sin complicarme la vida, escribiendo 8 horas diarias. Los t\u00edtulos son los originales de la obra base, los que ac\u00e1 compartirnos y publicamos digitalmente digamos lo as\u00ed, ser\u00edan una especie de &#8220;Soneto&#8221;\u00a0 un eco, un micro-g\u00e9nesis, un estornudo de la obra original. (Era el tiempo de labor de acuerdo a las fechas relacionadas a los sucesos prof\u00e9ticos).<\/p>\n<p><strong>&#8220;C\u00f3digo Colectivo&#8221;<\/strong>\u00a0una nueva visi\u00f3n para descifrar la realidad contempor\u00e1nea compartida con 6 diferentes etiquetas, &#8220;C\u00f3digo Colectivo, C\u00f3digo humano&#8230; siendo estas narrativas de car\u00e1cter cr\u00edticas, un lenguaje totalmente enigm\u00e1tico con un peso &#8220;Prof\u00e9tico&#8221; sin igual y verificable frente a los acontecimientos: &#8220;En el horizonte de cada historia contada, el yo se disuelve y renace: somos profec\u00eda y relato, un ser en construcci\u00f3n que solo en la narrativa se desvela&#8221;.<\/p>\n<p>La forma \u00e9tica en la que escribo le he llamado: &#8220;Verso Sigilado&#8221; una creaci\u00f3n que se ayuda de los arquetipos de la &#8220;Humanidad Colectiva&#8221; extrayendo de los relatos originales su derivado,\u00a0 ya que soy el due\u00f1o de la obra original, los textos originales son escritos en <strong>&#8220;prosa&#8221;\u00a0<\/strong> est\u00e1n en mi poder, los textos donde no existe &#8220;Verso Sigilado&#8221; est\u00e1n desvelados, estudiados, enfatizados sobre los sucesos venideros colocando el &#8220;Dasein&#8221; para el beneficio de la raza humana, y sus decisiones l\u00fagubres sujetas al ser los t\u00edteres del algoritmo de las &#8220;ERAS&#8221; de su influencia y sin escape al tiempo que ha de suceder.<\/p>\n<p style=\"margin-top: 2rem; font-style: italic; color: #ccc;\" data-aos=\"zoom-in\" data-aos-delay=\"1100\">\"If the symbol finds you, it is because you are ready to remember yourself.\"<\/p>\n<p><!-- Bot\u00f3n de contacto --><\/p>\n<div style=\"margin-top: 2.5rem;\" data-aos=\"fade-up\" data-aos-delay=\"1300\"><a style=\"display: inline-block; padding: 0.8rem 1.5rem; background-color: transparent; border: 2px solid #a37fff; color: #a37fff; border-radius: 8px; font-weight: bold; text-decoration: none;\" href=\"https:\/\/codigocolectivo.com\/en\/contacto\/\"><br \/>\nContact the Founder<br \/>\n<\/a><\/div>\n<p><!-- Enlaces con \u00edconos --><\/p>\n<div style=\"margin-top: 2.5rem; display: flex; gap: 1.5rem; align-items: center; flex-wrap: wrap; text-align: left;\" data-aos=\"fade-up\" data-aos-delay=\"1500\"><span style=\"font-size: 1.2rem;\">\u2712\ufe0f <span style=\"background-color: initial; font-size: 17px;\"><a href=\"https:\/\/sonfloresdelmal.blogspot.com\/?m=1\">Vanguard of syllogisms<\/a>\u00a0<\/span><\/span><br \/>\n<a style=\"display: flex; align-items: center; gap: 0.5rem; color: #8cbaff; text-decoration: none; font-size: 0.95rem;\" href=\"https:\/\/www.facebook.com\/CRFE85\" target=\"_blank\" rel=\"noopener\"><br \/>\n<span style=\"font-size: 1.2rem;\">\ud83d\udd35<\/span> <\/a><a href=\"https:\/\/www.facebook.com\/LuarFnz\">Raul Fernandez<\/a><\/div>\n<\/div>\n<\/section>","protected":false},"excerpt":{"rendered":"<p>Autor del sitio Sobre el Fundador Explorador multidisciplinario, fusiono el an\u00e1lisis del patrimonio cultural y natural con un profundo inter\u00e9s por la ciencia, lo oculto y la ficci\u00f3n especulativa. Mi traves\u00eda comenz\u00f3 en buscar sobre lo oculto, el misterio y lo desconocido desde la infancia. Realic\u00e9 estudios internacionales en turismo en BBI-Luxemburgo, y se fortaleci\u00f3&#8230;<\/p>","protected":false},"author":1,"featured_media":0,"parent":0,"menu_order":0,"comment_status":"closed","ping_status":"closed","template":"","meta":{"_kad_post_transparent":"default","_kad_post_title":"default","_kad_post_layout":"fullwidth","_kad_post_sidebar_id":"","_kad_post_content_style":"default","_kad_post_vertical_padding":"default","_kad_post_feature":"","_kad_post_feature_position":"","_kad_post_header":false,"_kad_post_footer":false,"_kad_post_classname":"","footnotes":""},"class_list":["post-1383","page","type-page","status-publish","hentry"],"yoast_head":"<!-- This site is optimized with the Yoast SEO plugin v27.4 - https:\/\/yoast.com\/product\/yoast-seo-wordpress\/ -->\n<title>Biograf\u00eda - CODIGO COLECTIVO<\/title>\n<meta name=\"robots\" content=\"index, follow, max-snippet:-1, max-image-preview:large, max-video-preview:-1\" \/>\n<link rel=\"canonical\" href=\"https:\/\/codigocolectivo.com\/en\/biography\/\" \/>\n<meta property=\"og:locale\" content=\"en_US\" \/>\n<meta property=\"og:type\" content=\"article\" \/>\n<meta property=\"og:title\" content=\"Biograf\u00eda - CODIGO COLECTIVO\" \/>\n<meta property=\"og:description\" content=\"Autor del sitio Sobre el Fundador Explorador multidisciplinario, fusiono el an\u00e1lisis del patrimonio cultural y natural con un profundo inter\u00e9s por la ciencia, lo oculto y la ficci\u00f3n especulativa. Mi traves\u00eda comenz\u00f3 en buscar sobre lo oculto, el misterio y lo desconocido desde la infancia. Realic\u00e9 estudios internacionales en turismo en BBI-Luxemburgo, y se fortaleci\u00f3...\" \/>\n<meta property=\"og:url\" content=\"https:\/\/codigocolectivo.com\/en\/biography\/\" \/>\n<meta property=\"og:site_name\" content=\"CODIGO COLECTIVO\" \/>\n<meta property=\"article:modified_time\" content=\"2026-02-05T20:33:44+00:00\" \/>\n<meta property=\"og:image\" content=\"https:\/\/codigocolectivo.com\/wp-content\/uploads\/2025\/02\/cropped-28276315_1746841375338584_2318096808363184281_n-4.jpg\" \/>\n<meta name=\"twitter:card\" content=\"summary_large_image\" \/>\n<meta name=\"twitter:label1\" content=\"Est. reading time\" \/>\n\t<meta name=\"twitter:data1\" content=\"3 minutes\" \/>\n<script type=\"application\/ld+json\" class=\"yoast-schema-graph\">{\"@context\":\"https:\\\/\\\/schema.org\",\"@graph\":[{\"@type\":\"WebPage\",\"@id\":\"https:\\\/\\\/codigocolectivo.com\\\/biografia\\\/\",\"url\":\"https:\\\/\\\/codigocolectivo.com\\\/biografia\\\/\",\"name\":\"Biograf\u00eda - CODIGO COLECTIVO\",\"isPartOf\":{\"@id\":\"https:\\\/\\\/codigocolectivo.com\\\/#website\"},\"primaryImageOfPage\":{\"@id\":\"https:\\\/\\\/codigocolectivo.com\\\/biografia\\\/#primaryimage\"},\"image\":{\"@id\":\"https:\\\/\\\/codigocolectivo.com\\\/biografia\\\/#primaryimage\"},\"thumbnailUrl\":\"https:\\\/\\\/codigocolectivo.com\\\/wp-content\\\/uploads\\\/2025\\\/02\\\/cropped-28276315_1746841375338584_2318096808363184281_n-4.jpg\",\"datePublished\":\"2025-03-18T05:05:19+00:00\",\"dateModified\":\"2026-02-05T20:33:44+00:00\",\"breadcrumb\":{\"@id\":\"https:\\\/\\\/codigocolectivo.com\\\/biografia\\\/#breadcrumb\"},\"inLanguage\":\"en-US\",\"potentialAction\":[{\"@type\":\"ReadAction\",\"target\":[\"https:\\\/\\\/codigocolectivo.com\\\/biografia\\\/\"]}]},{\"@type\":\"ImageObject\",\"inLanguage\":\"en-US\",\"@id\":\"https:\\\/\\\/codigocolectivo.com\\\/biografia\\\/#primaryimage\",\"url\":\"https:\\\/\\\/codigocolectivo.com\\\/wp-content\\\/uploads\\\/2025\\\/02\\\/cropped-28276315_1746841375338584_2318096808363184281_n-4.jpg\",\"contentUrl\":\"https:\\\/\\\/codigocolectivo.com\\\/wp-content\\\/uploads\\\/2025\\\/02\\\/cropped-28276315_1746841375338584_2318096808363184281_n-4.jpg\"},{\"@type\":\"BreadcrumbList\",\"@id\":\"https:\\\/\\\/codigocolectivo.com\\\/biografia\\\/#breadcrumb\",\"itemListElement\":[{\"@type\":\"ListItem\",\"position\":1,\"name\":\"Portada\",\"item\":\"https:\\\/\\\/codigocolectivo.com\\\/\"},{\"@type\":\"ListItem\",\"position\":2,\"name\":\"Biograf\u00eda\"}]},{\"@type\":\"WebSite\",\"@id\":\"https:\\\/\\\/codigocolectivo.com\\\/#website\",\"url\":\"https:\\\/\\\/codigocolectivo.com\\\/\",\"name\":\"CODIGO COLECTIVO\",\"description\":\"Raul Fern\u00e1ndez.\",\"publisher\":{\"@id\":\"https:\\\/\\\/codigocolectivo.com\\\/#organization\"},\"potentialAction\":[{\"@type\":\"SearchAction\",\"target\":{\"@type\":\"EntryPoint\",\"urlTemplate\":\"https:\\\/\\\/codigocolectivo.com\\\/?s={search_term_string}\"},\"query-input\":{\"@type\":\"PropertyValueSpecification\",\"valueRequired\":true,\"valueName\":\"search_term_string\"}}],\"inLanguage\":\"en-US\"},{\"@type\":\"Organization\",\"@id\":\"https:\\\/\\\/codigocolectivo.com\\\/#organization\",\"name\":\"CODIGO COLECTIVO\",\"url\":\"https:\\\/\\\/codigocolectivo.com\\\/\",\"logo\":{\"@type\":\"ImageObject\",\"inLanguage\":\"en-US\",\"@id\":\"https:\\\/\\\/codigocolectivo.com\\\/#\\\/schema\\\/logo\\\/image\\\/\",\"url\":\"https:\\\/\\\/codigocolectivo.com\\\/wp-content\\\/uploads\\\/2025\\\/02\\\/cropped-28276315_1746841375338584_2318096808363184281_n-4.jpg\",\"contentUrl\":\"https:\\\/\\\/codigocolectivo.com\\\/wp-content\\\/uploads\\\/2025\\\/02\\\/cropped-28276315_1746841375338584_2318096808363184281_n-4.jpg\",\"width\":220,\"height\":220,\"caption\":\"CODIGO COLECTIVO\"},\"image\":{\"@id\":\"https:\\\/\\\/codigocolectivo.com\\\/#\\\/schema\\\/logo\\\/image\\\/\"}}]}<\/script>\n<!-- \/ Yoast SEO plugin. -->","yoast_head_json":{"title":"Biography - COLLECTIVE CODE","robots":{"index":"index","follow":"follow","max-snippet":"max-snippet:-1","max-image-preview":"max-image-preview:large","max-video-preview":"max-video-preview:-1"},"canonical":"https:\/\/codigocolectivo.com\/en\/biography\/","og_locale":"en_US","og_type":"article","og_title":"Biograf\u00eda - CODIGO COLECTIVO","og_description":"Autor del sitio Sobre el Fundador Explorador multidisciplinario, fusiono el an\u00e1lisis del patrimonio cultural y natural con un profundo inter\u00e9s por la ciencia, lo oculto y la ficci\u00f3n especulativa. Mi traves\u00eda comenz\u00f3 en buscar sobre lo oculto, el misterio y lo desconocido desde la infancia. Realic\u00e9 estudios internacionales en turismo en BBI-Luxemburgo, y se fortaleci\u00f3...","og_url":"https:\/\/codigocolectivo.com\/en\/biography\/","og_site_name":"CODIGO COLECTIVO","article_modified_time":"2026-02-05T20:33:44+00:00","og_image":[{"url":"https:\/\/codigocolectivo.com\/wp-content\/uploads\/2025\/02\/cropped-28276315_1746841375338584_2318096808363184281_n-4.jpg","type":"","width":"","height":""}],"twitter_card":"summary_large_image","twitter_misc":{"Est. reading time":"3 minutes"},"schema":{"@context":"https:\/\/schema.org","@graph":[{"@type":"WebPage","@id":"https:\/\/codigocolectivo.com\/biografia\/","url":"https:\/\/codigocolectivo.com\/biografia\/","name":"Biography - COLLECTIVE CODE","isPartOf":{"@id":"https:\/\/codigocolectivo.com\/#website"},"primaryImageOfPage":{"@id":"https:\/\/codigocolectivo.com\/biografia\/#primaryimage"},"image":{"@id":"https:\/\/codigocolectivo.com\/biografia\/#primaryimage"},"thumbnailUrl":"https:\/\/codigocolectivo.com\/wp-content\/uploads\/2025\/02\/cropped-28276315_1746841375338584_2318096808363184281_n-4.jpg","datePublished":"2025-03-18T05:05:19+00:00","dateModified":"2026-02-05T20:33:44+00:00","breadcrumb":{"@id":"https:\/\/codigocolectivo.com\/biografia\/#breadcrumb"},"inLanguage":"en-US","potentialAction":[{"@type":"ReadAction","target":["https:\/\/codigocolectivo.com\/biografia\/"]}]},{"@type":"ImageObject","inLanguage":"en-US","@id":"https:\/\/codigocolectivo.com\/biografia\/#primaryimage","url":"https:\/\/codigocolectivo.com\/wp-content\/uploads\/2025\/02\/cropped-28276315_1746841375338584_2318096808363184281_n-4.jpg","contentUrl":"https:\/\/codigocolectivo.com\/wp-content\/uploads\/2025\/02\/cropped-28276315_1746841375338584_2318096808363184281_n-4.jpg"},{"@type":"BreadcrumbList","@id":"https:\/\/codigocolectivo.com\/biografia\/#breadcrumb","itemListElement":[{"@type":"ListItem","position":1,"name":"Portada","item":"https:\/\/codigocolectivo.com\/"},{"@type":"ListItem","position":2,"name":"Biograf\u00eda"}]},{"@type":"WebSite","@id":"https:\/\/codigocolectivo.com\/#website","url":"https:\/\/codigocolectivo.com\/","name":"COLLECTIVE CODE","description":"Raul Fernandez.","publisher":{"@id":"https:\/\/codigocolectivo.com\/#organization"},"potentialAction":[{"@type":"SearchAction","target":{"@type":"EntryPoint","urlTemplate":"https:\/\/codigocolectivo.com\/?s={search_term_string}"},"query-input":{"@type":"PropertyValueSpecification","valueRequired":true,"valueName":"search_term_string"}}],"inLanguage":"en-US"},{"@type":"Organization","@id":"https:\/\/codigocolectivo.com\/#organization","name":"COLLECTIVE CODE","url":"https:\/\/codigocolectivo.com\/","logo":{"@type":"ImageObject","inLanguage":"en-US","@id":"https:\/\/codigocolectivo.com\/#\/schema\/logo\/image\/","url":"https:\/\/codigocolectivo.com\/wp-content\/uploads\/2025\/02\/cropped-28276315_1746841375338584_2318096808363184281_n-4.jpg","contentUrl":"https:\/\/codigocolectivo.com\/wp-content\/uploads\/2025\/02\/cropped-28276315_1746841375338584_2318096808363184281_n-4.jpg","width":220,"height":220,"caption":"CODIGO COLECTIVO"},"image":{"@id":"https:\/\/codigocolectivo.com\/#\/schema\/logo\/image\/"}}]}},"_links":{"self":[{"href":"https:\/\/codigocolectivo.com\/en\/wp-json\/wp\/v2\/pages\/1383","targetHints":{"allow":["GET"]}}],"collection":[{"href":"https:\/\/codigocolectivo.com\/en\/wp-json\/wp\/v2\/pages"}],"about":[{"href":"https:\/\/codigocolectivo.com\/en\/wp-json\/wp\/v2\/types\/page"}],"author":[{"embeddable":true,"href":"https:\/\/codigocolectivo.com\/en\/wp-json\/wp\/v2\/users\/1"}],"replies":[{"embeddable":true,"href":"https:\/\/codigocolectivo.com\/en\/wp-json\/wp\/v2\/comments?post=1383"}],"version-history":[{"count":4,"href":"https:\/\/codigocolectivo.com\/en\/wp-json\/wp\/v2\/pages\/1383\/revisions"}],"predecessor-version":[{"id":2515,"href":"https:\/\/codigocolectivo.com\/en\/wp-json\/wp\/v2\/pages\/1383\/revisions\/2515"}],"wp:attachment":[{"href":"https:\/\/codigocolectivo.com\/en\/wp-json\/wp\/v2\/media?parent=1383"}],"curies":[{"name":"wp","href":"https:\/\/api.w.org\/{rel}","templated":true}]}}